{"id":1108,"date":"2022-01-31T14:12:36","date_gmt":"2022-01-31T13:12:36","guid":{"rendered":"https:\/\/eastwood-mbr.com\/?page_id=1108"},"modified":"2022-05-27T15:58:16","modified_gmt":"2022-05-27T13:58:16","slug":"terrassenbretter","status":"publish","type":"page","link":"https:\/\/eastwood-mbr.com\/de\/terrassenbretter\/","title":{"rendered":"Terrassenbretter"},"content":{"rendered":"<div class=\"wpb-content-wrapper\"><p>[vc_row full_width=&#8220;stretch_row&#8220; css=&#8220;.vc_custom_1645181923009{margin-bottom: 80px !important;padding-top: 220px !important;padding-bottom: 150px !important;background: #0a0a0a url(https:\/\/www.eastwood-mbr.com\/wp-content\/uploads\/2022\/01\/deski_tarasowe2.jpg?id=469) !important;background-position: center !important;background-repeat: no-repeat !important;background-size: cover !important;}&#8220; wd_z_index=&#8220;no&#8220; woodmart_css_id=&#8220;620f7bdebb54f&#8220; responsive_spacing=&#8220;eyJwYXJhbV90eXBlIjoid29vZG1hcnRfcmVzcG9uc2l2ZV9zcGFjaW5nIiwic2VsZWN0b3JfaWQiOiI2MjBmN2JkZWJiNTRmIiwic2hvcnRjb2RlIjoidmNfcm93IiwiZGF0YSI6eyJ0YWJsZXQiOnt9LCJtb2JpbGUiOnsibWFyZ2luLWJvdHRvbSI6IjYwcHgifX19&#8243; mobile_bg_img_hidden=&#8220;no&#8220; tablet_bg_img_hidden=&#8220;no&#8220; woodmart_parallax=&#8220;0&#8243; woodmart_gradient_switch=&#8220;no&#8220; row_reverse_mobile=&#8220;0&#8243; row_reverse_tablet=&#8220;0&#8243; woodmart_disable_overflow=&#8220;0&#8243; woodmart_box_shadow=&#8220;no&#8220;][vc_column woodmart_text_align=&#8220;center&#8220; css=&#8220;.vc_custom_1643636434230{padding-top: 0px !important;}&#8220; wd_z_index=&#8220;no&#8220; woodmart_css_id=&#8220;61f7e6c868b48&#8243; responsive_spacing=&#8220;eyJwYXJhbV90eXBlIjoid29vZG1hcnRfcmVzcG9uc2l2ZV9zcGFjaW5nIiwic2VsZWN0b3JfaWQiOiI2MWY3ZTZjODY4YjQ4Iiwic2hvcnRjb2RlIjoidmNfY29sdW1uIiwiZGF0YSI6eyJ0YWJsZXQiOnt9LCJtb2JpbGUiOnt9fX0=&#8220; parallax_scroll=&#8220;no&#8220; mobile_bg_img_hidden=&#8220;no&#8220; tablet_bg_img_hidden=&#8220;no&#8220; woodmart_parallax=&#8220;0&#8243; woodmart_sticky_column=&#8220;false&#8220; mobile_reset_margin=&#8220;no&#8220; tablet_reset_margin=&#8220;no&#8220; wd_collapsible_content_switcher=&#8220;no&#8220; woodmart_box_shadow=&#8220;no&#8220;]\n\t\t<div id=\"wd-6229f8bd405ff\" class=\"title-wrapper wd-wpb wd-set-mb reset-last-child  wd-rs-6229f8bd405ff wd-title-color-white wd-title-style-simple text-center  wd-width-enabled wd-underline-colored\" style=\"--wd-max-width: 40%;\">\n\t\t\t\n\t\t\t<div class=\"liner-continer\">\n\t\t\t\t<h4 class=\"woodmart-title-container title  wd-font-weight- wd-fontsize-xxxl\" >Terrassenbretter<\/h4>\n\t\t\t\t\t\t\t<\/div>\n\t\t\t\n\t\t\t\t\t\t\t<div class=\"title-after_title reset-last-child  wd-fontsize-s\">In unserem Lager haben wir eine gro\u00dfe Auswahl an nat\u00fcrlichen und druckimpr\u00e4gnierten Terrassendielen. Wir haben 10.000 m2 Terrassendielen auf Lager, sofort verf\u00fcgbar.<\/div>\n\t\t\t\n\t\t\t\n\t\t<\/div>\n\t\t\n\t\t<div id=\"wd-621f2722b9cbf\" class=\" wd-rs-621f2722b9cbf  wd-button-wrapper text-center inline-element\"><a href=\"https:\/\/eastwood-mbr.com\/kontakt\/\" title=\"\" class=\"btn btn-color-white btn-style-default btn-shape-rectangle btn-size-default\">KONTAKT<\/a><\/div>[\/vc_column][\/vc_row][vc_row full_width=&#8220;stretch_row_content_no_spaces&#8220; content_placement=&#8220;middle&#8220; woodmart_bg_position=&#8220;right-center&#8220; css=&#8220;.vc_custom_1643885401328{margin-bottom: 80px !important;background-image: url(https:\/\/www.eastwood-mbr.com\/wp-content\/uploads\/2022\/02\/tlo_sosna_4.jpg?id=583) !important;background-position: center !important;background-repeat: no-repeat !important;background-size: contain !important;}&#8220; woodmart_css_id=&#8220;61fbb34b1e17e&#8220; responsive_spacing=&#8220;eyJwYXJhbV90eXBlIjoid29vZG1hcnRfcmVzcG9uc2l2ZV9zcGFjaW5nIiwic2VsZWN0b3JfaWQiOiI2MWZiYjM0YjFlMTdlIiwic2hvcnRjb2RlIjoidmNfcm93IiwiZGF0YSI6eyJ0YWJsZXQiOnt9LCJtb2JpbGUiOnsibWFyZ2luLWJvdHRvbSI6IjYwcHgifX19&#8243; mobile_bg_img_hidden=&#8220;yes&#8220; tablet_bg_img_hidden=&#8220;yes&#8220; woodmart_parallax=&#8220;0&#8243; woodmart_gradient_switch=&#8220;no&#8220; row_reverse_mobile=&#8220;0&#8243; row_reverse_tablet=&#8220;0&#8243; woodmart_disable_overflow=&#8220;0&#8243; woodmart_box_shadow=&#8220;no&#8220; wd_z_index=&#8220;no&#8220;][vc_column width=&#8220;1\/2&#8243; css=&#8220;.vc_custom_1628760745202{padding-top: 0px !important;}&#8220; offset=&#8220;vc_col-lg-6 vc_col-xs-12&#8243; woodmart_css_id=&#8220;6114eaa4c56e2&#8243; responsive_spacing=&#8220;eyJwYXJhbV90eXBlIjoid29vZG1hcnRfcmVzcG9uc2l2ZV9zcGFjaW5nIiwic2VsZWN0b3JfaWQiOiI2MTE0ZWFhNGM1NmUyIiwic2hvcnRjb2RlIjoidmNfY29sdW1uIiwiZGF0YSI6eyJ0YWJsZXQiOnt9LCJtb2JpbGUiOnsibWFyZ2luLWJvdHRvbSI6IjQwIn19fQ==&#8220; parallax_scroll=&#8220;no&#8220; mobile_bg_img_hidden=&#8220;no&#8220; tablet_bg_img_hidden=&#8220;no&#8220; woodmart_parallax=&#8220;0&#8243; woodmart_sticky_column=&#8220;false&#8220; mobile_reset_margin=&#8220;no&#8220; tablet_reset_margin=&#8220;no&#8220;]\t\t<div id=\"wd-61fbaf3e0c709\" class=\"wd-image wd-wpb wd-rs-61fbaf3e0c709 text-left vc_custom_1643884355794\">\n\t\t\t\n\t\t\t<img loading=\"lazy\" decoding=\"async\" width=\"899\" height=\"1020\" src=\"https:\/\/eastwood-mbr.com\/wp-content\/uploads\/2022\/02\/zdjecie_deski_tarasowe_sosnowe.jpg\" class=\"attachment-full size-full\" alt=\"\" srcset=\"https:\/\/eastwood-mbr.com\/wp-content\/uploads\/2022\/02\/zdjecie_deski_tarasowe_sosnowe.jpg 899w, https:\/\/eastwood-mbr.com\/wp-content\/uploads\/2022\/02\/zdjecie_deski_tarasowe_sosnowe-264x300.jpg 264w, https:\/\/eastwood-mbr.com\/wp-content\/uploads\/2022\/02\/zdjecie_deski_tarasowe_sosnowe-768x871.jpg 768w, https:\/\/eastwood-mbr.com\/wp-content\/uploads\/2022\/02\/zdjecie_deski_tarasowe_sosnowe-600x681.jpg 600w, https:\/\/eastwood-mbr.com\/wp-content\/uploads\/2022\/02\/zdjecie_deski_tarasowe_sosnowe-150x170.jpg 150w\" sizes=\"auto, (max-width: 899px) 100vw, 899px\" \/>\n\t\t\t\t\t<\/div>\n\t\t[\/vc_column][vc_column width=&#8220;1\/2&#8243; woodmart_bg_position=&#8220;right-center&#8220; css=&#8220;.vc_custom_1628761398709{margin-bottom: 140px !important;padding-top: 0px !important;padding-right: 15px !important;padding-left: 15px !important;background-position: 0 0 !important;background-repeat: no-repeat !important;}&#8220; offset=&#8220;vc_col-lg-4 vc_col-md-6 vc_col-xs-12&#8243; woodmart_css_id=&#8220;6114ed2d334db&#8220; responsive_spacing=&#8220;eyJwYXJhbV90eXBlIjoid29vZG1hcnRfcmVzcG9uc2l2ZV9zcGFjaW5nIiwic2VsZWN0b3JfaWQiOiI2MTE0ZWQyZDMzNGRiIiwic2hvcnRjb2RlIjoidmNfY29sdW1uIiwiZGF0YSI6eyJ0YWJsZXQiOnsibWFyZ2luLWJvdHRvbSI6IjAifSwibW9iaWxlIjp7fX19&#8243; parallax_scroll=&#8220;no&#8220; mobile_bg_img_hidden=&#8220;no&#8220; tablet_bg_img_hidden=&#8220;no&#8220; woodmart_parallax=&#8220;0&#8243; woodmart_sticky_column=&#8220;false&#8220; mobile_reset_margin=&#8220;no&#8220; tablet_reset_margin=&#8220;no&#8220;]\n\t\t<div id=\"wd-6229fbca4151b\" class=\"title-wrapper wd-wpb wd-set-mb reset-last-child  wd-rs-6229fbca4151b wd-title-color-default wd-title-style-default text-left vc_custom_1646918613163 wd-width-custom wd-underline-colored\">\n\t\t\t\n\t\t\t<div class=\"liner-continer\">\n\t\t\t\t<h4 class=\"woodmart-title-container title  wd-font-weight- wd-fontsize-xxxl\" ><u>Terrassenplatten<\/u> aus Kiefer<\/h4>\n\t\t\t\t\t\t\t<\/div>\n\t\t\t\n\t\t\t\n\t\t\t\n\t\t<\/div>\n\t\t\n\t\t\n\t\t<div id=\"wd-6229f923c8209\" class=\"title-wrapper wd-wpb wd-set-mb reset-last-child  wd-rs-6229f923c8209 wd-title-color-default wd-title-style-default text-left vc_custom_1646917941410 wd-underline-colored\">\n\t\t\t\n\t\t\t<div class=\"liner-continer\">\n\t\t\t\t<h4 class=\"woodmart-title-container title  wd-font-weight-400 wd-fontsize-l\" >Wir bieten eine gro\u00dfe Auswahl an innovativen Terrassenprofilen.<\/h4>\n\t\t\t\t\t\t\t<\/div>\n\t\t\t\n\t\t\t\n\t\t\t\n\t\t<\/div>\n\t\t\n\t\t\t\t<div id=\"wd-6233305fd4dbf\" class=\"wd-text-block wd-wpb reset-last-child wd-rs-6233305fd4dbf text-left wd-width-custom wd-fontsize-custom vc_custom_1647521895244\">\n\t\t\t<p><span lang=\"de-DE\">Sie passen sowohl in \u00f6ffentliche, als auch in private R\u00e4ume. <\/span><span lang=\"de-DE\">Druckimpr\u00e4gnierte Kiefer in Autoklaven sorgt f\u00fcr eine sehr hohe Haltbarkeit der Terrasse und ist widerstandsf\u00e4hig gegen viele schwierige klimatische Bedingungen, einschlie\u00dflich tropischer Bedingungen. <\/span><span lang=\"de-DE\">Kiefernbretter sind eine beliebte Holzart, die im Terrassenbau verwendet wird.<\/span><b><\/b><\/p>\n<p><span lang=\"de-DE\">\u00a0<\/span><\/p>\n\t\t<\/div>\n\t\t[\/vc_column][\/vc_row][vc_row full_width=&#8220;stretch_row&#8220; content_placement=&#8220;top&#8220; woodmart_css_id=&#8220;620224c07a802&#8243; responsive_spacing=&#8220;eyJwYXJhbV90eXBlIjoid29vZG1hcnRfcmVzcG9uc2l2ZV9zcGFjaW5nIiwic2VsZWN0b3JfaWQiOiI2MjAyMjRjMDdhODAyIiwic2hvcnRjb2RlIjoidmNfcm93IiwiZGF0YSI6eyJ0YWJsZXQiOnt9LCJtb2JpbGUiOnt9fX0=&#8220; mobile_bg_img_hidden=&#8220;no&#8220; tablet_bg_img_hidden=&#8220;no&#8220; woodmart_parallax=&#8220;0&#8243; woodmart_gradient_switch=&#8220;no&#8220; woodmart_box_shadow=&#8220;no&#8220; wd_z_index=&#8220;no&#8220; woodmart_disable_overflow=&#8220;0&#8243; row_reverse_mobile=&#8220;0&#8243; row_reverse_tablet=&#8220;0&#8243; css=&#8220;.vc_custom_1644307656483{margin-bottom: 5% !important;padding-top: 5% !important;padding-bottom: 8% !important;background-color: #f2f2f2 !important;}&#8220;][vc_column width=&#8220;1\/2&#8243;]\t\t<div id=\"wd-62022475395d0\" class=\"wd-image wd-wpb wd-rs-62022475395d0 text-left vc_custom_1644307589455\">\n\t\t\t\n\t\t\t<img loading=\"lazy\" decoding=\"async\" width=\"460\" height=\"568\" src=\"https:\/\/eastwood-mbr.com\/wp-content\/uploads\/2022\/02\/taras_deski_swierkowe.jpg\" class=\"attachment-full size-full\" alt=\"\" srcset=\"https:\/\/eastwood-mbr.com\/wp-content\/uploads\/2022\/02\/taras_deski_swierkowe.jpg 460w, https:\/\/eastwood-mbr.com\/wp-content\/uploads\/2022\/02\/taras_deski_swierkowe-243x300.jpg 243w, https:\/\/eastwood-mbr.com\/wp-content\/uploads\/2022\/02\/taras_deski_swierkowe-150x185.jpg 150w\" sizes=\"auto, (max-width: 460px) 100vw, 460px\" \/>\n\t\t\t\t\t<\/div>\n\t\t\n\t\t<div id=\"wd-622f12629183b\" class=\"title-wrapper wd-wpb wd-set-mb reset-last-child  wd-rs-622f12629183b wd-title-color-default wd-title-style-default text-left vc_custom_1647252070808 wd-width-custom wd-underline-colored\">\n\t\t\t\n\t\t\t<div class=\"liner-continer\">\n\t\t\t\t<h4 class=\"woodmart-title-container title  wd-font-weight- wd-fontsize-xxxl\" ><u>Terrassenplatten<\/u><br \/>\naus Fichte<\/h4>\n\t\t\t\t\t\t\t<\/div>\n\t\t\t\n\t\t\t\n\t\t\t\n\t\t<\/div>\n\t\t\n\t\t\t\t<div id=\"wd-6229fa1564490\" class=\"wd-text-block wd-wpb reset-last-child wd-rs-6229fa1564490 text-left wd-width-enabled wd-fontsize-custom vc_custom_1646918202732\" style=\"--wd-max-width: 90%;\">\n\t\t\t<p><span lang=\"de-DE\">Wir bieten Terrassenplatten aus Fichte haupts\u00e4chlich aus Skandinavien an. <\/span><span lang=\"de-DE\">Terrassenplatten aus Fichte sind hochwertig und erschwinglich. <\/span><span lang=\"de-DE\">Fichtenbretter sind eine beliebte Holzart f\u00fcr den Terrassenbau.<\/span><\/p>\n<p><span lang=\"de-DE\"><b>\u00a0<\/b><\/span><\/p>\n\t\t<\/div>\n\t\t[\/vc_column][vc_column width=&#8220;1\/2&#8243;]\t\t<div id=\"wd-6202248717ae6\" class=\"wd-image wd-wpb wd-rs-6202248717ae6 text-left vc_custom_1644307601479\">\n\t\t\t\n\t\t\t<img loading=\"lazy\" decoding=\"async\" width=\"460\" height=\"568\" src=\"https:\/\/eastwood-mbr.com\/wp-content\/uploads\/2022\/02\/taras_deski_modrzewiowe.jpg\" class=\"attachment-full size-full\" alt=\"\" srcset=\"https:\/\/eastwood-mbr.com\/wp-content\/uploads\/2022\/02\/taras_deski_modrzewiowe.jpg 460w, https:\/\/eastwood-mbr.com\/wp-content\/uploads\/2022\/02\/taras_deski_modrzewiowe-243x300.jpg 243w, https:\/\/eastwood-mbr.com\/wp-content\/uploads\/2022\/02\/taras_deski_modrzewiowe-150x185.jpg 150w\" sizes=\"auto, (max-width: 460px) 100vw, 460px\" \/>\n\t\t\t\t\t<\/div>\n\t\t\n\t\t<div id=\"wd-622f1269737b7\" class=\"title-wrapper wd-wpb wd-set-mb reset-last-child  wd-rs-622f1269737b7 wd-title-color-default wd-title-style-default text-left vc_custom_1647252076993 wd-width-custom wd-underline-colored\">\n\t\t\t\n\t\t\t<div class=\"liner-continer\">\n\t\t\t\t<h4 class=\"woodmart-title-container title  wd-font-weight- wd-fontsize-xxxl\" ><u>Terrassenplatten<\/u><br \/>\naus L\u00e4rche<\/h4>\n\t\t\t\t\t\t\t<\/div>\n\t\t\t\n\t\t\t\n\t\t\t\n\t\t<\/div>\n\t\t\n\t\t\t\t<div id=\"wd-623330b31ae27\" class=\"wd-text-block wd-wpb reset-last-child wd-rs-623330b31ae27 text-left wd-width-custom wd-fontsize-custom vc_custom_1647522200399\">\n\t\t\t<p>Wir bieten Terrassenplatten aus europ\u00e4ischer und sibirischer L\u00e4rche an. Sie sind von Natur aus widerstandsf\u00e4hig und witterungsbest\u00e4ndig. Nach der richtigen Impr\u00e4gnierung k\u00f6nnen L\u00e4rchenbretter mehrere Jahrzehnte \u00fcberdauern.<\/p>\n\t\t<\/div>\n\t\t[\/vc_column][\/vc_row][vc_row full_width=&#8220;stretch_row&#8220; content_placement=&#8220;middle&#8220; woodmart_bg_position=&#8220;left-center&#8220; row_reverse_mobile=&#8220;1&#8243; row_reverse_tablet=&#8220;1&#8243; css=&#8220;.vc_custom_1643893775368{margin-bottom: 40px !important;background-position: center !important;background-repeat: no-repeat !important;background-size: contain !important;}&#8220; woodmart_css_id=&#8220;61fbd40c247ea&#8220; responsive_spacing=&#8220;eyJwYXJhbV90eXBlIjoid29vZG1hcnRfcmVzcG9uc2l2ZV9zcGFjaW5nIiwic2VsZWN0b3JfaWQiOiI2MWZiZDQwYzI0N2VhIiwic2hvcnRjb2RlIjoidmNfcm93IiwiZGF0YSI6eyJ0YWJsZXQiOnt9LCJtb2JpbGUiOnsibWFyZ2luLWJvdHRvbSI6IjIwcHgifX19&#8243; mobile_bg_img_hidden=&#8220;yes&#8220; tablet_bg_img_hidden=&#8220;yes&#8220; woodmart_parallax=&#8220;0&#8243; woodmart_gradient_switch=&#8220;no&#8220; woodmart_disable_overflow=&#8220;0&#8243; woodmart_box_shadow=&#8220;no&#8220; wd_z_index=&#8220;no&#8220;][vc_column width=&#8220;1\/3&#8243; css=&#8220;.vc_custom_1628760709527{margin-bottom: 40px !important;padding-top: 0px !important;}&#8220; offset=&#8220;vc_col-lg-6 vc_col-md-6&#8243; mobile_bg_img_hidden=&#8220;no&#8220; woodmart_parallax=&#8220;0&#8243; woodmart_sticky_column=&#8220;false&#8220; parallax_scroll=&#8220;no&#8220; mobile_reset_margin=&#8220;no&#8220; tablet_reset_margin=&#8220;no&#8220; woodmart_css_id=&#8220;6114ea82e9851&#8243; responsive_spacing=&#8220;eyJwYXJhbV90eXBlIjoid29vZG1hcnRfcmVzcG9uc2l2ZV9zcGFjaW5nIiwic2VsZWN0b3JfaWQiOiI2MTE0ZWE4MmU5ODUxIiwic2hvcnRjb2RlIjoidmNfY29sdW1uIiwiZGF0YSI6eyJ0YWJsZXQiOnt9LCJtb2JpbGUiOnt9fX0=&#8220; tablet_bg_img_hidden=&#8220;no&#8220;]\n\t\t<div id=\"wd-6229face37ad7\" class=\"title-wrapper wd-wpb wd-set-mb reset-last-child  wd-rs-6229face37ad7 wd-title-color-default wd-title-style-default text-left vc_custom_1646918370916 wd-width-custom wd-underline-colored\">\n\t\t\t\n\t\t\t<div class=\"liner-continer\">\n\t\t\t\t<h4 class=\"woodmart-title-container title  wd-font-weight- wd-fontsize-xxxl\" ><u>Exotische<\/u> Terrassenplatten<\/h4>\n\t\t\t\t\t\t\t<\/div>\n\t\t\t\n\t\t\t\n\t\t\t\n\t\t<\/div>\n\t\t\n\t\t\t\t<div id=\"wd-623331e90c090\" class=\"wd-text-block wd-wpb reset-last-child wd-rs-623331e90c090 text-left wd-width-custom wd-fontsize-custom vc_custom_1647522321837\">\n\t\t\t<p><span lang=\"de-DE\">Wir bieten exotische Terrassenplatten aus Bangkirai an. <\/span><span lang=\"de-DE\">Sie sind sehr langlebig und witterungsbest\u00e4ndig. <\/span><span lang=\"de-DE\">Sch\u00f6ne Farbe und unvergleichliche Eleganz machen das exotisches Holz zu einer ausgezeichneten Wahl f\u00fcr einzigartige und elegante Terrassen.<\/span><\/p>\n\t\t<\/div>\n\t\t[\/vc_column][vc_column width=&#8220;2\/3&#8243; css=&#8220;.vc_custom_1628760705251{margin-bottom: 40px !important;padding-top: 0px !important;}&#8220; offset=&#8220;vc_col-lg-6 vc_col-md-6&#8243; woodmart_css_id=&#8220;6114ea7e2623f&#8220; responsive_spacing=&#8220;eyJwYXJhbV90eXBlIjoid29vZG1hcnRfcmVzcG9uc2l2ZV9zcGFjaW5nIiwic2VsZWN0b3JfaWQiOiI2MTE0ZWE3ZTI2MjNmIiwic2hvcnRjb2RlIjoidmNfY29sdW1uIiwiZGF0YSI6eyJ0YWJsZXQiOnt9LCJtb2JpbGUiOnt9fX0=&#8220; parallax_scroll=&#8220;no&#8220; mobile_bg_img_hidden=&#8220;no&#8220; tablet_bg_img_hidden=&#8220;no&#8220; woodmart_parallax=&#8220;0&#8243; woodmart_sticky_column=&#8220;false&#8220; mobile_reset_margin=&#8220;no&#8220; tablet_reset_margin=&#8220;no&#8220;]\t\t<div id=\"wd-620228f73b393\" class=\"wd-image wd-wpb wd-rs-620228f73b393 text-center vc_custom_1644308748326\">\n\t\t\t\n\t\t\t<img loading=\"lazy\" decoding=\"async\" width=\"704\" height=\"826\" src=\"https:\/\/eastwood-mbr.com\/wp-content\/uploads\/2022\/02\/deska_egzotyczna_ze_zdjeciem.jpg\" class=\"attachment-full size-full\" alt=\"\" srcset=\"https:\/\/eastwood-mbr.com\/wp-content\/uploads\/2022\/02\/deska_egzotyczna_ze_zdjeciem.jpg 704w, https:\/\/eastwood-mbr.com\/wp-content\/uploads\/2022\/02\/deska_egzotyczna_ze_zdjeciem-256x300.jpg 256w, https:\/\/eastwood-mbr.com\/wp-content\/uploads\/2022\/02\/deska_egzotyczna_ze_zdjeciem-600x704.jpg 600w, https:\/\/eastwood-mbr.com\/wp-content\/uploads\/2022\/02\/deska_egzotyczna_ze_zdjeciem-150x176.jpg 150w\" sizes=\"auto, (max-width: 704px) 100vw, 704px\" \/>\n\t\t\t\t\t<\/div>\n\t\t[\/vc_column][\/vc_row][vc_row full_width=&#8220;stretch_row&#8220; css=&#8220;.vc_custom_1643625081658{margin-top: 0px !important;margin-bottom: 0px !important;padding-top: 8% !important;padding-bottom: 8% !important;background-color: #83b735 !important;}&#8220; wd_z_index=&#8220;no&#8220; woodmart_css_id=&#8220;61f7ba76a8aba&#8220; responsive_spacing=&#8220;eyJwYXJhbV90eXBlIjoid29vZG1hcnRfcmVzcG9uc2l2ZV9zcGFjaW5nIiwic2VsZWN0b3JfaWQiOiI2MWY3YmE3NmE4YWJhIiwic2hvcnRjb2RlIjoidmNfcm93IiwiZGF0YSI6eyJ0YWJsZXQiOnt9LCJtb2JpbGUiOnsibWFyZ2luLWJvdHRvbSI6IjIwcHgifX19&#8243; mobile_bg_img_hidden=&#8220;no&#8220; tablet_bg_img_hidden=&#8220;no&#8220; woodmart_parallax=&#8220;0&#8243; woodmart_gradient_switch=&#8220;no&#8220; row_reverse_mobile=&#8220;0&#8243; row_reverse_tablet=&#8220;0&#8243; woodmart_disable_overflow=&#8220;0&#8243; woodmart_box_shadow=&#8220;no&#8220;][vc_column woodmart_css_id=&#8220;61f79aec072f0&#8243; parallax_scroll=&#8220;no&#8220; woodmart_sticky_column=&#8220;false&#8220; wd_collapsible_content_switcher=&#8220;no&#8220; mobile_bg_img_hidden=&#8220;no&#8220; tablet_bg_img_hidden=&#8220;no&#8220; woodmart_parallax=&#8220;0&#8243; woodmart_box_shadow=&#8220;no&#8220; mobile_reset_margin=&#8220;no&#8220; tablet_reset_margin=&#8220;no&#8220; wd_z_index=&#8220;no&#8220; responsive_spacing=&#8220;eyJwYXJhbV90eXBlIjoid29vZG1hcnRfcmVzcG9uc2l2ZV9zcGFjaW5nIiwic2VsZWN0b3JfaWQiOiI2MWY3OWFlYzA3MmYwIiwic2hvcnRjb2RlIjoidmNfY29sdW1uIiwiZGF0YSI6eyJ0YWJsZXQiOnt9LCJtb2JpbGUiOnt9fX0=&#8220;]\n\t\t<div id=\"wd-6229fb7146432\" class=\"title-wrapper wd-wpb wd-set-mb reset-last-child  wd-rs-6229fb7146432 wd-title-color-white wd-title-style-default text-center vc_custom_1646918516860 wd-width-custom wd-underline-colored\">\n\t\t\t\n\t\t\t<div class=\"liner-continer\">\n\t\t\t\t<h4 class=\"woodmart-title-container title  wd-font-weight- wd-fontsize-xxl\" >Unser Angebot umfasst ein sehr breites Sortiment an Terrassenplatten<\/h4>\n\t\t\t\t\t\t\t<\/div>\n\t\t\t\n\t\t\t\n\t\t\t\n\t\t<\/div>\n\t\t\n\t\t\t\t<div id=\"wd-6229fb7c92a95\" class=\"wd-text-block wd-wpb reset-last-child wd-rs-6229fb7c92a95 text-center wd-width-custom color-scheme-light wd-fontsize-custom vc_custom_1646918532077\">\n\t\t\t<p><span lang=\"de-DE\">mit innovativen Profilen und verschiedenen Breiten und L\u00e4ngen.<\/span><\/p>\n\t\t<\/div>\n\t\t<div id=\"wd-61f7baa87b6a7\" class=\" wd-rs-61f7baa87b6a7  wd-button-wrapper text-center\"><a href=\"https:\/\/deskaprojekt.pl\/\" title=\"\" target=\"_blank\" class=\"btn btn-color-black btn-style-default btn-shape-rectangle btn-size-default\">DeskaProjekt.pl<\/a><\/div>[vc_empty_space height=&#8220;20&#8243;][\/vc_column][\/vc_row]<\/p>\n<\/div>","protected":false},"excerpt":{"rendered":"<p>[vc_row full_width=&#8220;stretch_row&#8220; css=&#8220;.vc_custom_1645181923009{margin-bottom: 80px !important;padding-top: 220px !important;padding-bottom: 150px !important;background: #0a0a0a url(https:\/\/www.eastwood-mbr.com\/wp-content\/uploads\/2022\/01\/deski_tarasowe2.jpg?id=469) !important;background-position: center !important;background-repeat: no-repeat !important;background-size: cover !important;}&#8220; wd_z_index=&#8220;no&#8220; woodmart_css_id=&#8220;620f7bdebb54f&#8220;<\/p>\n","protected":false},"author":1,"featured_media":0,"parent":0,"menu_order":0,"comment_status":"closed","ping_status":"closed","template":"","meta":{"footnotes":""},"class_list":["post-1108","page","type-page","status-publish","hentry"],"yoast_head":"<!-- This site is optimized with the Yoast SEO plugin v27.5 - https:\/\/yoast.com\/product\/yoast-seo-wordpress\/ -->\n<title>Terrassenbretter - Eastwood MBR<\/title>\n<meta name=\"robots\" content=\"index, follow, max-snippet:-1, max-image-preview:large, max-video-preview:-1\" \/>\n<link rel=\"canonical\" href=\"https:\/\/eastwood-mbr.com\/de\/terrassenbretter\/\" \/>\n<meta property=\"og:locale\" content=\"de_DE\" \/>\n<meta property=\"og:type\" content=\"article\" \/>\n<meta property=\"og:title\" content=\"Terrassenbretter - Eastwood MBR\" \/>\n<meta property=\"og:description\" content=\"[vc_row full_width=&#8220;stretch_row&#8220; css=&#8220;.vc_custom_1645181923009{margin-bottom: 80px !important;padding-top: 220px !important;padding-bottom: 150px !important;background: #0a0a0a url(https:\/\/www.eastwood-mbr.com\/wp-content\/uploads\/2022\/01\/deski_tarasowe2.jpg?id=469) !important;background-position: center !important;background-repeat: no-repeat !important;background-size: cover !important;}&#8220; wd_z_index=&#8220;no&#8220; woodmart_css_id=&#8220;620f7bdebb54f&#8220;\" \/>\n<meta property=\"og:url\" content=\"https:\/\/eastwood-mbr.com\/de\/terrassenbretter\/\" \/>\n<meta property=\"og:site_name\" content=\"Eastwood MBR\" \/>\n<meta property=\"article:modified_time\" content=\"2022-05-27T13:58:16+00:00\" \/>\n<meta name=\"twitter:card\" content=\"summary_large_image\" \/>\n<meta name=\"twitter:label1\" content=\"Gesch\u00e4tzte Lesezeit\" \/>\n\t<meta name=\"twitter:data1\" content=\"4\u00a0Minuten\" \/>\n<script type=\"application\/ld+json\" class=\"yoast-schema-graph\">{\"@context\":\"https:\\\/\\\/schema.org\",\"@graph\":[{\"@type\":\"WebPage\",\"@id\":\"https:\\\/\\\/eastwood-mbr.com\\\/de\\\/terrassenbretter\\\/\",\"url\":\"https:\\\/\\\/eastwood-mbr.com\\\/de\\\/terrassenbretter\\\/\",\"name\":\"Terrassenbretter - Eastwood MBR\",\"isPartOf\":{\"@id\":\"https:\\\/\\\/eastwood-mbr.com\\\/de\\\/#website\"},\"datePublished\":\"2022-01-31T13:12:36+00:00\",\"dateModified\":\"2022-05-27T13:58:16+00:00\",\"breadcrumb\":{\"@id\":\"https:\\\/\\\/eastwood-mbr.com\\\/de\\\/terrassenbretter\\\/#breadcrumb\"},\"inLanguage\":\"de\",\"potentialAction\":[{\"@type\":\"ReadAction\",\"target\":[\"https:\\\/\\\/eastwood-mbr.com\\\/de\\\/terrassenbretter\\\/\"]}]},{\"@type\":\"BreadcrumbList\",\"@id\":\"https:\\\/\\\/eastwood-mbr.com\\\/de\\\/terrassenbretter\\\/#breadcrumb\",\"itemListElement\":[{\"@type\":\"ListItem\",\"position\":1,\"name\":\"Strona g\u0142\u00f3wna\",\"item\":\"https:\\\/\\\/eastwood-mbr.com\\\/de\\\/\"},{\"@type\":\"ListItem\",\"position\":2,\"name\":\"Terrassenbretter\"}]},{\"@type\":\"WebSite\",\"@id\":\"https:\\\/\\\/eastwood-mbr.com\\\/de\\\/#website\",\"url\":\"https:\\\/\\\/eastwood-mbr.com\\\/de\\\/\",\"name\":\"Eastwood MBR\",\"description\":\"Dystrybutor produkt\u00f3w drzewnych\",\"potentialAction\":[{\"@type\":\"SearchAction\",\"target\":{\"@type\":\"EntryPoint\",\"urlTemplate\":\"https:\\\/\\\/eastwood-mbr.com\\\/de\\\/?s={search_term_string}\"},\"query-input\":{\"@type\":\"PropertyValueSpecification\",\"valueRequired\":true,\"valueName\":\"search_term_string\"}}],\"inLanguage\":\"de\"}]}<\/script>\n<!-- \/ Yoast SEO plugin. -->","yoast_head_json":{"title":"Terrassenbretter - Eastwood MBR","robots":{"index":"index","follow":"follow","max-snippet":"max-snippet:-1","max-image-preview":"max-image-preview:large","max-video-preview":"max-video-preview:-1"},"canonical":"https:\/\/eastwood-mbr.com\/de\/terrassenbretter\/","og_locale":"de_DE","og_type":"article","og_title":"Terrassenbretter - Eastwood MBR","og_description":"[vc_row full_width=&#8220;stretch_row&#8220; css=&#8220;.vc_custom_1645181923009{margin-bottom: 80px !important;padding-top: 220px !important;padding-bottom: 150px !important;background: #0a0a0a url(https:\/\/www.eastwood-mbr.com\/wp-content\/uploads\/2022\/01\/deski_tarasowe2.jpg?id=469) !important;background-position: center !important;background-repeat: no-repeat !important;background-size: cover !important;}&#8220; wd_z_index=&#8220;no&#8220; woodmart_css_id=&#8220;620f7bdebb54f&#8220;","og_url":"https:\/\/eastwood-mbr.com\/de\/terrassenbretter\/","og_site_name":"Eastwood MBR","article_modified_time":"2022-05-27T13:58:16+00:00","twitter_card":"summary_large_image","twitter_misc":{"Gesch\u00e4tzte Lesezeit":"4\u00a0Minuten"},"schema":{"@context":"https:\/\/schema.org","@graph":[{"@type":"WebPage","@id":"https:\/\/eastwood-mbr.com\/de\/terrassenbretter\/","url":"https:\/\/eastwood-mbr.com\/de\/terrassenbretter\/","name":"Terrassenbretter - Eastwood MBR","isPartOf":{"@id":"https:\/\/eastwood-mbr.com\/de\/#website"},"datePublished":"2022-01-31T13:12:36+00:00","dateModified":"2022-05-27T13:58:16+00:00","breadcrumb":{"@id":"https:\/\/eastwood-mbr.com\/de\/terrassenbretter\/#breadcrumb"},"inLanguage":"de","potentialAction":[{"@type":"ReadAction","target":["https:\/\/eastwood-mbr.com\/de\/terrassenbretter\/"]}]},{"@type":"BreadcrumbList","@id":"https:\/\/eastwood-mbr.com\/de\/terrassenbretter\/#breadcrumb","itemListElement":[{"@type":"ListItem","position":1,"name":"Strona g\u0142\u00f3wna","item":"https:\/\/eastwood-mbr.com\/de\/"},{"@type":"ListItem","position":2,"name":"Terrassenbretter"}]},{"@type":"WebSite","@id":"https:\/\/eastwood-mbr.com\/de\/#website","url":"https:\/\/eastwood-mbr.com\/de\/","name":"Eastwood MBR","description":"Dystrybutor produkt\u00f3w drzewnych","potentialAction":[{"@type":"SearchAction","target":{"@type":"EntryPoint","urlTemplate":"https:\/\/eastwood-mbr.com\/de\/?s={search_term_string}"},"query-input":{"@type":"PropertyValueSpecification","valueRequired":true,"valueName":"search_term_string"}}],"inLanguage":"de"}]}},"_links":{"self":[{"href":"https:\/\/eastwood-mbr.com\/de\/wp-json\/wp\/v2\/pages\/1108","targetHints":{"allow":["GET"]}}],"collection":[{"href":"https:\/\/eastwood-mbr.com\/de\/wp-json\/wp\/v2\/pages"}],"about":[{"href":"https:\/\/eastwood-mbr.com\/de\/wp-json\/wp\/v2\/types\/page"}],"author":[{"embeddable":true,"href":"https:\/\/eastwood-mbr.com\/de\/wp-json\/wp\/v2\/users\/1"}],"replies":[{"embeddable":true,"href":"https:\/\/eastwood-mbr.com\/de\/wp-json\/wp\/v2\/comments?post=1108"}],"version-history":[{"count":5,"href":"https:\/\/eastwood-mbr.com\/de\/wp-json\/wp\/v2\/pages\/1108\/revisions"}],"predecessor-version":[{"id":1210,"href":"https:\/\/eastwood-mbr.com\/de\/wp-json\/wp\/v2\/pages\/1108\/revisions\/1210"}],"wp:attachment":[{"href":"https:\/\/eastwood-mbr.com\/de\/wp-json\/wp\/v2\/media?parent=1108"}],"curies":[{"name":"wp","href":"https:\/\/api.w.org\/{rel}","templated":true}]}}