{"id":1130,"date":"2022-01-31T09:39:58","date_gmt":"2022-01-31T08:39:58","guid":{"rendered":"https:\/\/eastwood-mbr.com\/?page_id=1130"},"modified":"2023-01-02T11:00:32","modified_gmt":"2023-01-02T10:00:32","slug":"ueber-uns","status":"publish","type":"page","link":"https:\/\/eastwood-mbr.com\/de\/ueber-uns\/","title":{"rendered":"\u00dcber uns"},"content":{"rendered":"<div class=\"wpb-content-wrapper\"><p>[vc_row full_width=&#8220;stretch_row_content&#8220; content_placement=&#8220;middle&#8220; css=&#8220;.vc_custom_1672653629272{margin-top: -40px !important;padding-top: 80px !important;padding-bottom: 80px !important;background-image: url(https:\/\/www.eastwood-mbr.com\/wp-content\/uploads\/2022\/01\/tlo_o_nas.jpg?id=436) !important;background-position: center !important;background-repeat: no-repeat !important;background-size: cover !important;}&#8220; woodmart_css_id=&#8220;63b2ab32b1d4c&#8220; responsive_spacing=&#8220;eyJwYXJhbV90eXBlIjoid29vZG1hcnRfcmVzcG9uc2l2ZV9zcGFjaW5nIiwic2VsZWN0b3JfaWQiOiI2M2IyYWIzMmIxZDRjIiwic2hvcnRjb2RlIjoidmNfcm93IiwiZGF0YSI6eyJ0YWJsZXQiOnt9LCJtb2JpbGUiOnt9fX0=&#8220; mobile_bg_img_hidden=&#8220;no&#8220; tablet_bg_img_hidden=&#8220;no&#8220; woodmart_parallax=&#8220;0&#8243; woodmart_gradient_switch=&#8220;no&#8220; woodmart_box_shadow=&#8220;no&#8220; wd_z_index=&#8220;no&#8220; woodmart_disable_overflow=&#8220;0&#8243; row_reverse_mobile=&#8220;0&#8243; row_reverse_tablet=&#8220;0&#8243;][vc_column width=&#8220;1\/2&#8243; css=&#8220;.vc_custom_1643621227984{background-position: center !important;background-repeat: no-repeat !important;background-size: cover !important;}&#8220; woodmart_css_id=&#8220;61f7ab667b6ed&#8220; parallax_scroll=&#8220;no&#8220; woodmart_sticky_column=&#8220;false&#8220; wd_collapsible_content_switcher=&#8220;no&#8220; mobile_bg_img_hidden=&#8220;no&#8220; tablet_bg_img_hidden=&#8220;no&#8220; woodmart_parallax=&#8220;0&#8243; woodmart_box_shadow=&#8220;no&#8220; mobile_reset_margin=&#8220;no&#8220; tablet_reset_margin=&#8220;no&#8220; wd_z_index=&#8220;no&#8220; responsive_spacing=&#8220;eyJwYXJhbV90eXBlIjoid29vZG1hcnRfcmVzcG9uc2l2ZV9zcGFjaW5nIiwic2VsZWN0b3JfaWQiOiI2MWY3YWI2NjdiNmVkIiwic2hvcnRjb2RlIjoidmNfY29sdW1uIiwiZGF0YSI6eyJ0YWJsZXQiOnt9LCJtb2JpbGUiOnsicGFkZGluZy10b3AiOiI2MHB4IiwicGFkZGluZy1ib3R0b20iOiIyMHB4In19fQ==&#8220;][\/vc_column][vc_column width=&#8220;1\/2&#8243; parallax_scroll=&#8220;no&#8220; css=&#8220;.vc_custom_1643195698935{padding-top: 80px !important;padding-right: 15% !important;padding-bottom: 80px !important;padding-left: 15% !important;}&#8220; woodmart_css_id=&#8220;61f12d2b81f34&#8243; woodmart_sticky_column=&#8220;false&#8220; wd_collapsible_content_switcher=&#8220;no&#8220; mobile_bg_img_hidden=&#8220;no&#8220; tablet_bg_img_hidden=&#8220;no&#8220; woodmart_parallax=&#8220;0&#8243; woodmart_box_shadow=&#8220;no&#8220; mobile_reset_margin=&#8220;no&#8220; tablet_reset_margin=&#8220;no&#8220; wd_z_index=&#8220;no&#8220; responsive_spacing=&#8220;eyJwYXJhbV90eXBlIjoid29vZG1hcnRfcmVzcG9uc2l2ZV9zcGFjaW5nIiwic2VsZWN0b3JfaWQiOiI2MWYxMmQyYjgxZjM0Iiwic2hvcnRjb2RlIjoidmNfY29sdW1uIiwiZGF0YSI6eyJ0YWJsZXQiOnt9LCJtb2JpbGUiOnsicGFkZGluZy10b3AiOiI2MHB4IiwicGFkZGluZy1ib3R0b20iOiI2MHB4In19fQ==&#8220;]\n\t\t<div id=\"wd-622b0c2e59195\" class=\"title-wrapper wd-wpb wd-set-mb reset-last-child  wd-rs-622b0c2e59195 wd-title-color-default wd-title-style-default text-left vc_custom_1646988369559 wd-width-custom wd-underline-colored\">\n\t\t\t\n\t\t\t<div class=\"liner-continer\">\n\t\t\t\t<h4 class=\"woodmart-title-container title  wd-font-weight- wd-fontsize-xxxl\" >H\u00c4NDLER<br \/>\n<u> VON HOLZPRODUKTEN<\/u><\/h4>\n\t\t\t\t\t\t\t<\/div>\n\t\t\t\n\t\t\t\n\t\t\t\n\t\t<\/div>\n\t\t\n\t\t\t\t<div id=\"wd-622b0c54c4f3b\" class=\"wd-text-block wd-wpb reset-last-child wd-rs-622b0c54c4f3b text-left wd-width-custom wd-fontsize-custom vc_custom_1646988422186\">\n\t\t\t<p>Unser Unternehmen hat seinen Sitz im Herzen des Tucholawaldes. Unser Angebot umfasst qualitativ hochwertige Produkte aus Holz, die in Polen und im Ausland zertifiziert sind.<\/p>\n\t\t<\/div>\n\t\t<div id=\"wd-622b0c8a48873\" class=\" wd-rs-622b0c8a48873  wd-button-wrapper wd-smooth-scroll text-center inline-element\" data-smooth-time=\"1000\" data-smooth-offset=\"100\"><a href=\"https:\/\/eastwood-mbr.com\/o-nas\/#wspolpraca\" title=\"\" class=\"btn btn-color-black btn-style-default btn-shape-rectangle btn-size-default\">mehr<\/a><\/div>[\/vc_column][\/vc_row][vc_row full_width=&#8220;stretch_row_content&#8220; css=&#8220;.vc_custom_1643624828982{margin-bottom: 0px !important;padding-top: 8% !important;padding-bottom: 5% !important;background-color: #f2f2f2 !important;}&#8220; woodmart_css_id=&#8220;61f7b95f3986c&#8220; responsive_spacing=&#8220;eyJwYXJhbV90eXBlIjoid29vZG1hcnRfcmVzcG9uc2l2ZV9zcGFjaW5nIiwic2VsZWN0b3JfaWQiOiI2MWY3Yjk1ZjM5ODZjIiwic2hvcnRjb2RlIjoidmNfcm93IiwiZGF0YSI6eyJ0YWJsZXQiOnt9LCJtb2JpbGUiOnsibWFyZ2luLWJvdHRvbSI6IjMwcHgifX19&#8243; mobile_bg_img_hidden=&#8220;no&#8220; tablet_bg_img_hidden=&#8220;no&#8220; woodmart_parallax=&#8220;0&#8243; woodmart_gradient_switch=&#8220;no&#8220; woodmart_box_shadow=&#8220;no&#8220; wd_z_index=&#8220;no&#8220; woodmart_disable_overflow=&#8220;0&#8243; row_reverse_mobile=&#8220;0&#8243; row_reverse_tablet=&#8220;0&#8243; el_id=&#8220;wspolpraca&#8220;][vc_column woodmart_text_align=&#8220;center&#8220; offset=&#8220;vc_col-lg-offset-3 vc_col-lg-6 vc_col-md-6&#8243; css=&#8220;.vc_custom_1636991180065{margin-bottom: 40px !important;}&#8220; woodmart_css_id=&#8220;619280bebbc98&#8243; parallax_scroll=&#8220;no&#8220; woodmart_sticky_column=&#8220;false&#8220; wd_collapsible_content_switcher=&#8220;no&#8220; mobile_bg_img_hidden=&#8220;no&#8220; tablet_bg_img_hidden=&#8220;no&#8220; woodmart_parallax=&#8220;0&#8243; woodmart_box_shadow=&#8220;no&#8220; mobile_reset_margin=&#8220;no&#8220; tablet_reset_margin=&#8220;no&#8220; wd_z_index=&#8220;no&#8220; responsive_spacing=&#8220;eyJwYXJhbV90eXBlIjoid29vZG1hcnRfcmVzcG9uc2l2ZV9zcGFjaW5nIiwic2VsZWN0b3JfaWQiOiI2MTkyODBiZWJiYzk4Iiwic2hvcnRjb2RlIjoidmNfY29sdW1uIiwiZGF0YSI6eyJ0YWJsZXQiOnsibWFyZ2luLWJvdHRvbSI6IjEwMHB4In0sIm1vYmlsZSI6eyJtYXJnaW4tYm90dG9tIjoiNjBweCJ9fX0=&#8220;]\t\t<div id=\"wd-622b0e18b174c\" class=\"wd-text-block wd-wpb reset-last-child wd-animation-slide-from-bottom wd-animation-fast wd_delay_100 wd-rs-622b0e18b174c text-center wd-fontsize-m vc_custom_1646988838075\">\n\t\t\t<p id=\"tw-target-text\" class=\"tw-data-text tw-text-large tw-ta\" dir=\"ltr\" data-placeholder=\"T\u0142umaczenie\"><span class=\"Y2IQFc\" lang=\"de\">Sehen<\/span><\/p>\n\t\t<\/div>\n\t\t\n\t\t<div id=\"wd-622b0cb5b3a0c\" class=\"title-wrapper wd-wpb wd-set-mb reset-last-child  wd-animation-slide-from-bottom wd-animation-fast wd_delay_250 wd-rs-622b0cb5b3a0c wd-title-color-default wd-title-style-default text-center vc_custom_1646988498815 wd-underline-colored\">\n\t\t\t\n\t\t\t<div class=\"liner-continer\">\n\t\t\t\t<h4 class=\"woodmart-title-container title  wd-font-weight- wd-fontsize-xxxl\" >Wir arbeiten<br \/>\n<u>mit den Besten zusammen<\/u><\/h4>\n\t\t\t\t\t\t\t<\/div>\n\t\t\t\n\t\t\t\n\t\t\t\n\t\t<\/div>\n\t\t\n\t\t\t\t<div id=\"wd-622b0ce417557\" class=\"wd-text-block wd-wpb reset-last-child wd-animation-slide-from-bottom wd-animation-fast wd_delay_400 wd-rs-622b0ce417557 text-center wd-width-custom wd-fontsize-custom vc_custom_1646988567571\">\n\t\t\t<p>Wir arbeiten mit den besten Holzproduzenten zusammen, die besonderen Wert auf technische und \u00f6kologische Standards legen. Dank langj\u00e4hriger Erfahrung stellen wir Ihnen professionelle Berater zur Seite, die \u00fcber praktisches und technisches Wissen im Bereich Holztechnologie und Kundendienst verf\u00fcgen. <\/p>\n\t\t<\/div>\n\t\t[\/vc_column][vc_column width=&#8220;1\/2&#8243; css=&#8220;.vc_custom_1636989186083{margin-bottom: 40px !important;}&#8220; offset=&#8220;vc_col-lg-6 vc_col-md-6 vc_col-xs-12&#8243; woodmart_css_id=&#8220;619278ff104ae&#8220; parallax_scroll=&#8220;no&#8220; woodmart_sticky_column=&#8220;false&#8220; wd_collapsible_content_switcher=&#8220;no&#8220; mobile_bg_img_hidden=&#8220;no&#8220; tablet_bg_img_hidden=&#8220;no&#8220; woodmart_parallax=&#8220;0&#8243; woodmart_box_shadow=&#8220;no&#8220; mobile_reset_margin=&#8220;no&#8220; tablet_reset_margin=&#8220;no&#8220; wd_z_index=&#8220;no&#8220; responsive_spacing=&#8220;eyJwYXJhbV90eXBlIjoid29vZG1hcnRfcmVzcG9uc2l2ZV9zcGFjaW5nIiwic2VsZWN0b3JfaWQiOiI2MTkyNzhmZjEwNGFlIiwic2hvcnRjb2RlIjoidmNfY29sdW1uIiwiZGF0YSI6eyJ0YWJsZXQiOnt9LCJtb2JpbGUiOnt9fX0=&#8220;]\t\t<div id=\"wd-61f7b55f88f96\" class=\"wd-image wd-wpb wd-animation-slide-from-bottom wd-animation-fast wd-rs-61f7b55f88f96 text-right vc_custom_1643623792620\">\n\t\t\t\n\t\t\t<img loading=\"lazy\" decoding=\"async\" width=\"700\" height=\"320\" src=\"https:\/\/eastwood-mbr.com\/wp-content\/uploads\/2022\/01\/deski_o_nas.jpg\" class=\"attachment-full size-full\" alt=\"\" srcset=\"https:\/\/eastwood-mbr.com\/wp-content\/uploads\/2022\/01\/deski_o_nas.jpg 700w, https:\/\/eastwood-mbr.com\/wp-content\/uploads\/2022\/01\/deski_o_nas-300x137.jpg 300w, https:\/\/eastwood-mbr.com\/wp-content\/uploads\/2022\/01\/deski_o_nas-600x274.jpg 600w, https:\/\/eastwood-mbr.com\/wp-content\/uploads\/2022\/01\/deski_o_nas-150x69.jpg 150w\" sizes=\"auto, (max-width: 700px) 100vw, 700px\" \/>\n\t\t\t\t\t<\/div>\n\t\t[\/vc_column][vc_column width=&#8220;1\/2&#8243; css=&#8220;.vc_custom_1636989192160{margin-bottom: 40px !important;}&#8220; offset=&#8220;vc_col-lg-6 vc_col-md-6 vc_col-xs-12&#8243; woodmart_css_id=&#8220;61927904207df&#8220; parallax_scroll=&#8220;no&#8220; woodmart_sticky_column=&#8220;false&#8220; wd_collapsible_content_switcher=&#8220;no&#8220; mobile_bg_img_hidden=&#8220;no&#8220; tablet_bg_img_hidden=&#8220;no&#8220; woodmart_parallax=&#8220;0&#8243; woodmart_box_shadow=&#8220;no&#8220; mobile_reset_margin=&#8220;no&#8220; tablet_reset_margin=&#8220;no&#8220; wd_z_index=&#8220;no&#8220; responsive_spacing=&#8220;eyJwYXJhbV90eXBlIjoid29vZG1hcnRfcmVzcG9uc2l2ZV9zcGFjaW5nIiwic2VsZWN0b3JfaWQiOiI2MTkyNzkwNDIwN2RmIiwic2hvcnRjb2RlIjoidmNfY29sdW1uIiwiZGF0YSI6eyJ0YWJsZXQiOnt9LCJtb2JpbGUiOnt9fX0=&#8220;]\t\t<div id=\"wd-61f7b1060467a\" class=\"wd-image wd-wpb wd-animation-slide-from-bottom wd-animation-fast wd-rs-61f7b1060467a text-left vc_custom_1643622676391\">\n\t\t\t\n\t\t\t<img loading=\"lazy\" decoding=\"async\" width=\"700\" height=\"320\" src=\"https:\/\/eastwood-mbr.com\/wp-content\/uploads\/2022\/01\/faktura_drzewa_o_nas.jpg\" class=\"attachment-full size-full\" alt=\"\" srcset=\"https:\/\/eastwood-mbr.com\/wp-content\/uploads\/2022\/01\/faktura_drzewa_o_nas.jpg 700w, https:\/\/eastwood-mbr.com\/wp-content\/uploads\/2022\/01\/faktura_drzewa_o_nas-300x137.jpg 300w, https:\/\/eastwood-mbr.com\/wp-content\/uploads\/2022\/01\/faktura_drzewa_o_nas-600x274.jpg 600w, https:\/\/eastwood-mbr.com\/wp-content\/uploads\/2022\/01\/faktura_drzewa_o_nas-150x69.jpg 150w\" sizes=\"auto, (max-width: 700px) 100vw, 700px\" \/>\n\t\t\t\t\t<\/div>\n\t\t[\/vc_column][\/vc_row][vc_row full_width=&#8220;stretch_row&#8220; css=&#8220;.vc_custom_1643625081658{margin-top: 0px !important;margin-bottom: 0px !important;padding-top: 8% !important;padding-bottom: 8% !important;background-color: #83b735 !important;}&#8220; wd_z_index=&#8220;no&#8220; woodmart_css_id=&#8220;61f7ba76a8aba&#8220; responsive_spacing=&#8220;eyJwYXJhbV90eXBlIjoid29vZG1hcnRfcmVzcG9uc2l2ZV9zcGFjaW5nIiwic2VsZWN0b3JfaWQiOiI2MWY3YmE3NmE4YWJhIiwic2hvcnRjb2RlIjoidmNfcm93IiwiZGF0YSI6eyJ0YWJsZXQiOnt9LCJtb2JpbGUiOnsibWFyZ2luLWJvdHRvbSI6IjIwcHgifX19&#8243; mobile_bg_img_hidden=&#8220;no&#8220; tablet_bg_img_hidden=&#8220;no&#8220; woodmart_parallax=&#8220;0&#8243; woodmart_gradient_switch=&#8220;no&#8220; row_reverse_mobile=&#8220;0&#8243; row_reverse_tablet=&#8220;0&#8243; woodmart_disable_overflow=&#8220;0&#8243; woodmart_box_shadow=&#8220;no&#8220;][vc_column woodmart_css_id=&#8220;61f79aec072f0&#8243; parallax_scroll=&#8220;no&#8220; woodmart_sticky_column=&#8220;false&#8220; wd_collapsible_content_switcher=&#8220;no&#8220; mobile_bg_img_hidden=&#8220;no&#8220; tablet_bg_img_hidden=&#8220;no&#8220; woodmart_parallax=&#8220;0&#8243; woodmart_box_shadow=&#8220;no&#8220; mobile_reset_margin=&#8220;no&#8220; tablet_reset_margin=&#8220;no&#8220; wd_z_index=&#8220;no&#8220; responsive_spacing=&#8220;eyJwYXJhbV90eXBlIjoid29vZG1hcnRfcmVzcG9uc2l2ZV9zcGFjaW5nIiwic2VsZWN0b3JfaWQiOiI2MWY3OWFlYzA3MmYwIiwic2hvcnRjb2RlIjoidmNfY29sdW1uIiwiZGF0YSI6eyJ0YWJsZXQiOnt9LCJtb2JpbGUiOnt9fX0=&#8220;]\n\t\t<div id=\"wd-622b0d1f1822f\" class=\"title-wrapper wd-wpb wd-set-mb reset-last-child  wd-rs-622b0d1f1822f wd-title-color-white wd-title-style-default text-center vc_custom_1646988583618 wd-width-custom wd-underline-colored\">\n\t\t\t\n\t\t\t<div class=\"liner-continer\">\n\t\t\t\t<h4 class=\"woodmart-title-container title  wd-font-weight- wd-fontsize-xxl\" >2021 haben wir unsere Aktivit\u00e4ten ausgeweitet<\/h4>\n\t\t\t\t\t\t\t<\/div>\n\t\t\t\n\t\t\t\n\t\t\t\n\t\t<\/div>\n\t\t\n\t\t\t\t<div id=\"wd-622b0d32a5868\" class=\"wd-text-block wd-wpb reset-last-child wd-rs-622b0d32a5868 text-center wd-width-custom color-scheme-light wd-fontsize-custom vc_custom_1646988620808\">\n\t\t\t<p>Im Jahr 2021 haben wir unser Gesch\u00e4ft erweitert, indem wir das Produktangebot \u00fcber den Online-Shop deskaprojekt.pl an einzelne Kunden gerichtet haben<\/p>\n\t\t<\/div>\n\t\t<div id=\"wd-61f7baa87b6a7\" class=\" wd-rs-61f7baa87b6a7  wd-button-wrapper text-center\"><a href=\"https:\/\/deskaprojekt.pl\/\" title=\"\" target=\"_blank\" class=\"btn btn-color-black btn-style-default btn-shape-rectangle btn-size-default\">DeskaProjekt.pl<\/a><\/div>[vc_empty_space height=&#8220;20&#8243;][\/vc_column][\/vc_row]<\/p>\n<\/div>","protected":false},"excerpt":{"rendered":"<p>[vc_row full_width=&#8220;stretch_row_content&#8220; content_placement=&#8220;middle&#8220; css=&#8220;.vc_custom_1672653629272{margin-top: -40px !important;padding-top: 80px !important;padding-bottom: 80px !important;background-image: url(https:\/\/www.eastwood-mbr.com\/wp-content\/uploads\/2022\/01\/tlo_o_nas.jpg?id=436) !important;background-position: center !important;background-repeat: no-repeat !important;background-size: cover !important;}&#8220; woodmart_css_id=&#8220;63b2ab32b1d4c&#8220; responsive_spacing=&#8220;eyJwYXJhbV90eXBlIjoid29vZG1hcnRfcmVzcG9uc2l2ZV9zcGFjaW5nIiwic2VsZWN0b3JfaWQiOiI2M2IyYWIzMmIxZDRjIiwic2hvcnRjb2RlIjoidmNfcm93IiwiZGF0YSI6eyJ0YWJsZXQiOnt9LCJtb2JpbGUiOnt9fX0=&#8220;<\/p>\n","protected":false},"author":1,"featured_media":0,"parent":0,"menu_order":0,"comment_status":"closed","ping_status":"closed","template":"","meta":{"footnotes":""},"class_list":["post-1130","page","type-page","status-publish","hentry"],"yoast_head":"<!-- This site is optimized with the Yoast SEO plugin v27.5 - https:\/\/yoast.com\/product\/yoast-seo-wordpress\/ -->\n<title>\u00dcber uns - Eastwood MBR<\/title>\n<meta name=\"robots\" content=\"index, follow, max-snippet:-1, max-image-preview:large, max-video-preview:-1\" \/>\n<link rel=\"canonical\" href=\"https:\/\/eastwood-mbr.com\/de\/ueber-uns\/\" \/>\n<meta property=\"og:locale\" content=\"de_DE\" \/>\n<meta property=\"og:type\" content=\"article\" \/>\n<meta property=\"og:title\" content=\"\u00dcber uns - Eastwood MBR\" \/>\n<meta property=\"og:description\" content=\"[vc_row full_width=&#8220;stretch_row_content&#8220; content_placement=&#8220;middle&#8220; css=&#8220;.vc_custom_1672653629272{margin-top: -40px !important;padding-top: 80px !important;padding-bottom: 80px !important;background-image: url(https:\/\/www.eastwood-mbr.com\/wp-content\/uploads\/2022\/01\/tlo_o_nas.jpg?id=436) !important;background-position: center !important;background-repeat: no-repeat !important;background-size: cover !important;}&#8220; woodmart_css_id=&#8220;63b2ab32b1d4c&#8220; responsive_spacing=&#8220;eyJwYXJhbV90eXBlIjoid29vZG1hcnRfcmVzcG9uc2l2ZV9zcGFjaW5nIiwic2VsZWN0b3JfaWQiOiI2M2IyYWIzMmIxZDRjIiwic2hvcnRjb2RlIjoidmNfcm93IiwiZGF0YSI6eyJ0YWJsZXQiOnt9LCJtb2JpbGUiOnt9fX0=&#8220;\" \/>\n<meta property=\"og:url\" content=\"https:\/\/eastwood-mbr.com\/de\/ueber-uns\/\" \/>\n<meta property=\"og:site_name\" content=\"Eastwood MBR\" \/>\n<meta property=\"article:modified_time\" content=\"2023-01-02T10:00:32+00:00\" \/>\n<meta name=\"twitter:card\" content=\"summary_large_image\" \/>\n<meta name=\"twitter:label1\" content=\"Gesch\u00e4tzte Lesezeit\" \/>\n\t<meta name=\"twitter:data1\" content=\"3\u00a0Minuten\" \/>\n<script type=\"application\/ld+json\" class=\"yoast-schema-graph\">{\"@context\":\"https:\\\/\\\/schema.org\",\"@graph\":[{\"@type\":\"WebPage\",\"@id\":\"https:\\\/\\\/eastwood-mbr.com\\\/de\\\/ueber-uns\\\/\",\"url\":\"https:\\\/\\\/eastwood-mbr.com\\\/de\\\/ueber-uns\\\/\",\"name\":\"\u00dcber uns - Eastwood MBR\",\"isPartOf\":{\"@id\":\"https:\\\/\\\/eastwood-mbr.com\\\/de\\\/#website\"},\"datePublished\":\"2022-01-31T08:39:58+00:00\",\"dateModified\":\"2023-01-02T10:00:32+00:00\",\"breadcrumb\":{\"@id\":\"https:\\\/\\\/eastwood-mbr.com\\\/de\\\/ueber-uns\\\/#breadcrumb\"},\"inLanguage\":\"de\",\"potentialAction\":[{\"@type\":\"ReadAction\",\"target\":[\"https:\\\/\\\/eastwood-mbr.com\\\/de\\\/ueber-uns\\\/\"]}]},{\"@type\":\"BreadcrumbList\",\"@id\":\"https:\\\/\\\/eastwood-mbr.com\\\/de\\\/ueber-uns\\\/#breadcrumb\",\"itemListElement\":[{\"@type\":\"ListItem\",\"position\":1,\"name\":\"Strona g\u0142\u00f3wna\",\"item\":\"https:\\\/\\\/eastwood-mbr.com\\\/de\\\/\"},{\"@type\":\"ListItem\",\"position\":2,\"name\":\"\u00dcber uns\"}]},{\"@type\":\"WebSite\",\"@id\":\"https:\\\/\\\/eastwood-mbr.com\\\/de\\\/#website\",\"url\":\"https:\\\/\\\/eastwood-mbr.com\\\/de\\\/\",\"name\":\"Eastwood MBR\",\"description\":\"Dystrybutor produkt\u00f3w drzewnych\",\"potentialAction\":[{\"@type\":\"SearchAction\",\"target\":{\"@type\":\"EntryPoint\",\"urlTemplate\":\"https:\\\/\\\/eastwood-mbr.com\\\/de\\\/?s={search_term_string}\"},\"query-input\":{\"@type\":\"PropertyValueSpecification\",\"valueRequired\":true,\"valueName\":\"search_term_string\"}}],\"inLanguage\":\"de\"}]}<\/script>\n<!-- \/ Yoast SEO plugin. -->","yoast_head_json":{"title":"\u00dcber uns - Eastwood MBR","robots":{"index":"index","follow":"follow","max-snippet":"max-snippet:-1","max-image-preview":"max-image-preview:large","max-video-preview":"max-video-preview:-1"},"canonical":"https:\/\/eastwood-mbr.com\/de\/ueber-uns\/","og_locale":"de_DE","og_type":"article","og_title":"\u00dcber uns - Eastwood MBR","og_description":"[vc_row full_width=&#8220;stretch_row_content&#8220; content_placement=&#8220;middle&#8220; css=&#8220;.vc_custom_1672653629272{margin-top: -40px !important;padding-top: 80px !important;padding-bottom: 80px !important;background-image: url(https:\/\/www.eastwood-mbr.com\/wp-content\/uploads\/2022\/01\/tlo_o_nas.jpg?id=436) !important;background-position: center !important;background-repeat: no-repeat !important;background-size: cover !important;}&#8220; woodmart_css_id=&#8220;63b2ab32b1d4c&#8220; responsive_spacing=&#8220;eyJwYXJhbV90eXBlIjoid29vZG1hcnRfcmVzcG9uc2l2ZV9zcGFjaW5nIiwic2VsZWN0b3JfaWQiOiI2M2IyYWIzMmIxZDRjIiwic2hvcnRjb2RlIjoidmNfcm93IiwiZGF0YSI6eyJ0YWJsZXQiOnt9LCJtb2JpbGUiOnt9fX0=&#8220;","og_url":"https:\/\/eastwood-mbr.com\/de\/ueber-uns\/","og_site_name":"Eastwood MBR","article_modified_time":"2023-01-02T10:00:32+00:00","twitter_card":"summary_large_image","twitter_misc":{"Gesch\u00e4tzte Lesezeit":"3\u00a0Minuten"},"schema":{"@context":"https:\/\/schema.org","@graph":[{"@type":"WebPage","@id":"https:\/\/eastwood-mbr.com\/de\/ueber-uns\/","url":"https:\/\/eastwood-mbr.com\/de\/ueber-uns\/","name":"\u00dcber uns - Eastwood MBR","isPartOf":{"@id":"https:\/\/eastwood-mbr.com\/de\/#website"},"datePublished":"2022-01-31T08:39:58+00:00","dateModified":"2023-01-02T10:00:32+00:00","breadcrumb":{"@id":"https:\/\/eastwood-mbr.com\/de\/ueber-uns\/#breadcrumb"},"inLanguage":"de","potentialAction":[{"@type":"ReadAction","target":["https:\/\/eastwood-mbr.com\/de\/ueber-uns\/"]}]},{"@type":"BreadcrumbList","@id":"https:\/\/eastwood-mbr.com\/de\/ueber-uns\/#breadcrumb","itemListElement":[{"@type":"ListItem","position":1,"name":"Strona g\u0142\u00f3wna","item":"https:\/\/eastwood-mbr.com\/de\/"},{"@type":"ListItem","position":2,"name":"\u00dcber uns"}]},{"@type":"WebSite","@id":"https:\/\/eastwood-mbr.com\/de\/#website","url":"https:\/\/eastwood-mbr.com\/de\/","name":"Eastwood MBR","description":"Dystrybutor produkt\u00f3w drzewnych","potentialAction":[{"@type":"SearchAction","target":{"@type":"EntryPoint","urlTemplate":"https:\/\/eastwood-mbr.com\/de\/?s={search_term_string}"},"query-input":{"@type":"PropertyValueSpecification","valueRequired":true,"valueName":"search_term_string"}}],"inLanguage":"de"}]}},"_links":{"self":[{"href":"https:\/\/eastwood-mbr.com\/de\/wp-json\/wp\/v2\/pages\/1130","targetHints":{"allow":["GET"]}}],"collection":[{"href":"https:\/\/eastwood-mbr.com\/de\/wp-json\/wp\/v2\/pages"}],"about":[{"href":"https:\/\/eastwood-mbr.com\/de\/wp-json\/wp\/v2\/types\/page"}],"author":[{"embeddable":true,"href":"https:\/\/eastwood-mbr.com\/de\/wp-json\/wp\/v2\/users\/1"}],"replies":[{"embeddable":true,"href":"https:\/\/eastwood-mbr.com\/de\/wp-json\/wp\/v2\/comments?post=1130"}],"version-history":[{"count":5,"href":"https:\/\/eastwood-mbr.com\/de\/wp-json\/wp\/v2\/pages\/1130\/revisions"}],"predecessor-version":[{"id":1407,"href":"https:\/\/eastwood-mbr.com\/de\/wp-json\/wp\/v2\/pages\/1130\/revisions\/1407"}],"wp:attachment":[{"href":"https:\/\/eastwood-mbr.com\/de\/wp-json\/wp\/v2\/media?parent=1130"}],"curies":[{"name":"wp","href":"https:\/\/api.w.org\/{rel}","templated":true}]}}