{"id":1135,"date":"2022-02-17T08:45:02","date_gmt":"2022-02-17T07:45:02","guid":{"rendered":"https:\/\/eastwood-mbr.com\/?page_id=1135"},"modified":"2022-05-27T15:59:11","modified_gmt":"2022-05-27T13:59:11","slug":"untersichten-und-wandtaefelungen","status":"publish","type":"page","link":"https:\/\/eastwood-mbr.com\/de\/untersichten-und-wandtaefelungen\/","title":{"rendered":"Untersichten und Wandt\u00e4felungen"},"content":{"rendered":"<div class=\"wpb-content-wrapper\"><p>[vc_row full_width=&#8220;stretch_row&#8220; css=&#8220;.vc_custom_1645182068731{margin-bottom: 80px !important;padding-top: 220px !important;padding-bottom: 150px !important;background: #0a0a0a url(https:\/\/www.eastwood-mbr.com\/wp-content\/uploads\/2022\/02\/tlo_oferta_podbitki.jpg?id=731) !important;background-position: center !important;background-repeat: no-repeat !important;background-size: cover !important;}&#8220; wd_z_index=&#8220;no&#8220; woodmart_css_id=&#8220;620f7c70417a2&#8243; responsive_spacing=&#8220;eyJwYXJhbV90eXBlIjoid29vZG1hcnRfcmVzcG9uc2l2ZV9zcGFjaW5nIiwic2VsZWN0b3JfaWQiOiI2MjBmN2M3MDQxN2EyIiwic2hvcnRjb2RlIjoidmNfcm93IiwiZGF0YSI6eyJ0YWJsZXQiOnt9LCJtb2JpbGUiOnsibWFyZ2luLWJvdHRvbSI6IjYwcHgifX19&#8243; mobile_bg_img_hidden=&#8220;no&#8220; tablet_bg_img_hidden=&#8220;no&#8220; woodmart_parallax=&#8220;0&#8243; woodmart_gradient_switch=&#8220;no&#8220; row_reverse_mobile=&#8220;0&#8243; row_reverse_tablet=&#8220;0&#8243; woodmart_disable_overflow=&#8220;0&#8243; woodmart_box_shadow=&#8220;no&#8220;][vc_column woodmart_text_align=&#8220;center&#8220; css=&#8220;.vc_custom_1643636434230{padding-top: 0px !important;}&#8220; wd_z_index=&#8220;no&#8220; woodmart_css_id=&#8220;61f7e6c868b48&#8243; responsive_spacing=&#8220;eyJwYXJhbV90eXBlIjoid29vZG1hcnRfcmVzcG9uc2l2ZV9zcGFjaW5nIiwic2VsZWN0b3JfaWQiOiI2MWY3ZTZjODY4YjQ4Iiwic2hvcnRjb2RlIjoidmNfY29sdW1uIiwiZGF0YSI6eyJ0YWJsZXQiOnt9LCJtb2JpbGUiOnt9fX0=&#8220; parallax_scroll=&#8220;no&#8220; mobile_bg_img_hidden=&#8220;no&#8220; tablet_bg_img_hidden=&#8220;no&#8220; woodmart_parallax=&#8220;0&#8243; woodmart_sticky_column=&#8220;false&#8220; mobile_reset_margin=&#8220;no&#8220; tablet_reset_margin=&#8220;no&#8220; wd_collapsible_content_switcher=&#8220;no&#8220; woodmart_box_shadow=&#8220;no&#8220;]\n\t\t<div id=\"wd-622f14fb19ee4\" class=\"title-wrapper wd-wpb wd-set-mb reset-last-child  wd-rs-622f14fb19ee4 wd-title-color-white wd-title-style-simple text-center  wd-width-enabled wd-underline-colored\" style=\"--wd-max-width: 40%;\">\n\t\t\t\n\t\t\t<div class=\"liner-continer\">\n\t\t\t\t<h4 class=\"woodmart-title-container title  wd-font-weight- wd-fontsize-xxxl\" >Untersichten und Wandt\u00e4felungen<\/h4>\n\t\t\t\t\t\t\t<\/div>\n\t\t\t\n\t\t\t\t\t\t\t<div class=\"title-after_title reset-last-child  wd-fontsize-s\">Wir bieten Wandt\u00e4felungen und Untersichten aus zuverl\u00e4ssigen Holzarten wie Kiefer und Fichte an.<\/div>\n\t\t\t\n\t\t\t\n\t\t<\/div>\n\t\t\n\t\t<div id=\"wd-622b0f3a08fb5\" class=\" wd-rs-622b0f3a08fb5  wd-button-wrapper text-center inline-element\"><a href=\"https:\/\/eastwood-mbr.com\/kontakt\/\" title=\"\" class=\"btn btn-color-white btn-style-default btn-shape-rectangle btn-size-default\">KONTAKT<\/a><\/div>[\/vc_column][\/vc_row][vc_row full_width=&#8220;stretch_row_content_no_spaces&#8220; content_placement=&#8220;middle&#8220; woodmart_bg_position=&#8220;right-center&#8220; css=&#8220;.vc_custom_1645089279928{margin-bottom: 80px !important;background-image: url(https:\/\/www.eastwood-mbr.com\/wp-content\/uploads\/2022\/02\/boazeria_detal1.jpg?id=740) !important;background-position: center !important;background-repeat: no-repeat !important;background-size: contain !important;}&#8220; woodmart_css_id=&#8220;620e11f11352c&#8220; responsive_spacing=&#8220;eyJwYXJhbV90eXBlIjoid29vZG1hcnRfcmVzcG9uc2l2ZV9zcGFjaW5nIiwic2VsZWN0b3JfaWQiOiI2MjBlMTFmMTEzNTJjIiwic2hvcnRjb2RlIjoidmNfcm93IiwiZGF0YSI6eyJ0YWJsZXQiOnt9LCJtb2JpbGUiOnsibWFyZ2luLWJvdHRvbSI6IjYwcHgifX19&#8243; mobile_bg_img_hidden=&#8220;yes&#8220; tablet_bg_img_hidden=&#8220;yes&#8220; woodmart_parallax=&#8220;0&#8243; woodmart_gradient_switch=&#8220;no&#8220; row_reverse_mobile=&#8220;0&#8243; row_reverse_tablet=&#8220;0&#8243; woodmart_disable_overflow=&#8220;0&#8243; woodmart_box_shadow=&#8220;no&#8220; wd_z_index=&#8220;no&#8220;][vc_column width=&#8220;1\/2&#8243; css=&#8220;.vc_custom_1628760745202{padding-top: 0px !important;}&#8220; offset=&#8220;vc_col-lg-6 vc_col-xs-12&#8243; woodmart_css_id=&#8220;6114eaa4c56e2&#8243; responsive_spacing=&#8220;eyJwYXJhbV90eXBlIjoid29vZG1hcnRfcmVzcG9uc2l2ZV9zcGFjaW5nIiwic2VsZWN0b3JfaWQiOiI2MTE0ZWFhNGM1NmUyIiwic2hvcnRjb2RlIjoidmNfY29sdW1uIiwiZGF0YSI6eyJ0YWJsZXQiOnt9LCJtb2JpbGUiOnsibWFyZ2luLWJvdHRvbSI6IjQwIn19fQ==&#8220; parallax_scroll=&#8220;no&#8220; mobile_bg_img_hidden=&#8220;no&#8220; tablet_bg_img_hidden=&#8220;no&#8220; woodmart_parallax=&#8220;0&#8243; woodmart_sticky_column=&#8220;false&#8220; mobile_reset_margin=&#8220;no&#8220; tablet_reset_margin=&#8220;no&#8220;]\t\t<div id=\"wd-620e0af879771\" class=\"wd-image wd-wpb wd-rs-620e0af879771 text-left vc_custom_1645087491527\">\n\t\t\t\n\t\t\t<img loading=\"lazy\" decoding=\"async\" width=\"899\" height=\"1020\" src=\"https:\/\/eastwood-mbr.com\/wp-content\/uploads\/2022\/02\/boazeria_z_tlem.jpg\" class=\"attachment-full size-full\" alt=\"\" srcset=\"https:\/\/eastwood-mbr.com\/wp-content\/uploads\/2022\/02\/boazeria_z_tlem.jpg 899w, https:\/\/eastwood-mbr.com\/wp-content\/uploads\/2022\/02\/boazeria_z_tlem-264x300.jpg 264w, https:\/\/eastwood-mbr.com\/wp-content\/uploads\/2022\/02\/boazeria_z_tlem-768x871.jpg 768w, https:\/\/eastwood-mbr.com\/wp-content\/uploads\/2022\/02\/boazeria_z_tlem-600x681.jpg 600w, https:\/\/eastwood-mbr.com\/wp-content\/uploads\/2022\/02\/boazeria_z_tlem-150x170.jpg 150w\" sizes=\"auto, (max-width: 899px) 100vw, 899px\" \/>\n\t\t\t\t\t<\/div>\n\t\t[\/vc_column][vc_column width=&#8220;1\/2&#8243; woodmart_bg_position=&#8220;right-center&#8220; css=&#8220;.vc_custom_1628761398709{margin-bottom: 140px !important;padding-top: 0px !important;padding-right: 15px !important;padding-left: 15px !important;background-position: 0 0 !important;background-repeat: no-repeat !important;}&#8220; offset=&#8220;vc_col-lg-4 vc_col-md-6 vc_col-xs-12&#8243; woodmart_css_id=&#8220;6114ed2d334db&#8220; responsive_spacing=&#8220;eyJwYXJhbV90eXBlIjoid29vZG1hcnRfcmVzcG9uc2l2ZV9zcGFjaW5nIiwic2VsZWN0b3JfaWQiOiI2MTE0ZWQyZDMzNGRiIiwic2hvcnRjb2RlIjoidmNfY29sdW1uIiwiZGF0YSI6eyJ0YWJsZXQiOnsibWFyZ2luLWJvdHRvbSI6IjAifSwibW9iaWxlIjp7fX19&#8243; parallax_scroll=&#8220;no&#8220; mobile_bg_img_hidden=&#8220;no&#8220; tablet_bg_img_hidden=&#8220;no&#8220; woodmart_parallax=&#8220;0&#8243; woodmart_sticky_column=&#8220;false&#8220; mobile_reset_margin=&#8220;no&#8220; tablet_reset_margin=&#8220;no&#8220;]\n\t\t<div id=\"wd-622b0f3ff3266\" class=\"title-wrapper wd-wpb wd-set-mb reset-last-child  wd-rs-622b0f3ff3266 wd-title-color-default wd-title-style-default text-left vc_custom_1646989141494 wd-width-custom wd-underline-colored\">\n\t\t\t\n\t\t\t<div class=\"liner-continer\">\n\t\t\t\t<h4 class=\"woodmart-title-container title  wd-font-weight- wd-fontsize-xxxl\" ><u>Zuverl\u00e4ssige<\/u> Holzarten<\/h4>\n\t\t\t\t\t\t\t<\/div>\n\t\t\t\n\t\t\t\n\t\t\t\n\t\t<\/div>\n\t\t\n\t\t\t\t<div id=\"wd-622b0f606ba28\" class=\"wd-text-block wd-wpb reset-last-child wd-rs-622b0f606ba28 text-left wd-width-custom wd-fontsize-custom vc_custom_1646989194019\">\n\t\t\t<p>Wir bieten Wandt\u00e4felungen und Untersichten aus zuverl\u00e4ssigen Holzarten wie Kiefer und Fichte an. Wir haben eine gro\u00dfe Auswahl an Waldt\u00e4felungsprofilen und Laibungen aus Holz mit entsprechender Dichte und Feuchtigkeit. Wandt\u00e4felungen und Laibungen bieten wir ab einer Dicke von 14 mm an.<\/p>\n\t\t<\/div>\n\t\t[\/vc_column][\/vc_row][vc_row full_width=&#8220;stretch_row&#8220; css=&#8220;.vc_custom_1645089360115{margin-top: 0px !important;margin-bottom: 0px !important;padding-top: 5% !important;padding-bottom: 8% !important;background-color: #83b735 !important;}&#8220; wd_z_index=&#8220;no&#8220; woodmart_css_id=&#8220;620e1249b46b4&#8243; responsive_spacing=&#8220;eyJwYXJhbV90eXBlIjoid29vZG1hcnRfcmVzcG9uc2l2ZV9zcGFjaW5nIiwic2VsZWN0b3JfaWQiOiI2MjBlMTI0OWI0NmI0Iiwic2hvcnRjb2RlIjoidmNfcm93IiwiZGF0YSI6eyJ0YWJsZXQiOnt9LCJtb2JpbGUiOnsibWFyZ2luLWJvdHRvbSI6IjIwcHgifX19&#8243; mobile_bg_img_hidden=&#8220;no&#8220; tablet_bg_img_hidden=&#8220;no&#8220; woodmart_parallax=&#8220;0&#8243; woodmart_gradient_switch=&#8220;no&#8220; row_reverse_mobile=&#8220;0&#8243; row_reverse_tablet=&#8220;0&#8243; woodmart_disable_overflow=&#8220;0&#8243; woodmart_box_shadow=&#8220;no&#8220;][vc_column woodmart_css_id=&#8220;61f79aec072f0&#8243; parallax_scroll=&#8220;no&#8220; woodmart_sticky_column=&#8220;false&#8220; wd_collapsible_content_switcher=&#8220;no&#8220; mobile_bg_img_hidden=&#8220;no&#8220; tablet_bg_img_hidden=&#8220;no&#8220; woodmart_parallax=&#8220;0&#8243; woodmart_box_shadow=&#8220;no&#8220; mobile_reset_margin=&#8220;no&#8220; tablet_reset_margin=&#8220;no&#8220; wd_z_index=&#8220;no&#8220; responsive_spacing=&#8220;eyJwYXJhbV90eXBlIjoid29vZG1hcnRfcmVzcG9uc2l2ZV9zcGFjaW5nIiwic2VsZWN0b3JfaWQiOiI2MWY3OWFlYzA3MmYwIiwic2hvcnRjb2RlIjoidmNfY29sdW1uIiwiZGF0YSI6eyJ0YWJsZXQiOnt9LCJtb2JpbGUiOnt9fX0=&#8220;]\n\t\t<div id=\"wd-622b10c5250f5\" class=\"title-wrapper wd-wpb wd-set-mb reset-last-child  wd-rs-622b10c5250f5 wd-title-color-white wd-title-style-default text-center vc_custom_1646989520739 wd-width-custom wd-underline-colored\">\n\t\t\t\n\t\t\t<div class=\"liner-continer\">\n\t\t\t\t<h4 class=\"woodmart-title-container title  wd-font-weight- wd-fontsize-xxl\" >Wandt\u00e4felungen und Laibungen<\/h4>\n\t\t\t\t\t\t\t<\/div>\n\t\t\t\n\t\t\t\t\t\t\t<div class=\"title-after_title reset-last-child  wd-fontsize-s\">bieten wir ab einer Dicke von 14 mm an.<\/div>\n\t\t\t\n\t\t\t\n\t\t<\/div>\n\t\t\n\t\t<div id=\"wd-61f7baa87b6a7\" class=\" wd-rs-61f7baa87b6a7  wd-button-wrapper text-center\"><a href=\"https:\/\/deskaprojekt.pl\/\" title=\"\" target=\"_blank\" class=\"btn btn-color-black btn-style-default btn-shape-rectangle btn-size-default\">DeskaProjekt.pl<\/a><\/div>[vc_empty_space height=&#8220;20&#8243;][\/vc_column][\/vc_row]<\/p>\n<\/div>","protected":false},"excerpt":{"rendered":"<p>[vc_row full_width=&#8220;stretch_row&#8220; css=&#8220;.vc_custom_1645182068731{margin-bottom: 80px !important;padding-top: 220px !important;padding-bottom: 150px !important;background: #0a0a0a url(https:\/\/www.eastwood-mbr.com\/wp-content\/uploads\/2022\/02\/tlo_oferta_podbitki.jpg?id=731) !important;background-position: center !important;background-repeat: no-repeat !important;background-size: cover !important;}&#8220; wd_z_index=&#8220;no&#8220; woodmart_css_id=&#8220;620f7c70417a2&#8243;<\/p>\n","protected":false},"author":1,"featured_media":0,"parent":0,"menu_order":0,"comment_status":"closed","ping_status":"closed","template":"","meta":{"footnotes":""},"class_list":["post-1135","page","type-page","status-publish","hentry"],"yoast_head":"<!-- This site is optimized with the Yoast SEO plugin v27.5 - https:\/\/yoast.com\/product\/yoast-seo-wordpress\/ -->\n<title>Untersichten und Wandt\u00e4felungen - Eastwood MBR<\/title>\n<meta name=\"robots\" content=\"index, follow, max-snippet:-1, max-image-preview:large, max-video-preview:-1\" \/>\n<link rel=\"canonical\" href=\"https:\/\/eastwood-mbr.com\/de\/untersichten-und-wandtaefelungen\/\" \/>\n<meta property=\"og:locale\" content=\"de_DE\" \/>\n<meta property=\"og:type\" content=\"article\" \/>\n<meta property=\"og:title\" content=\"Untersichten und Wandt\u00e4felungen - Eastwood MBR\" \/>\n<meta property=\"og:description\" content=\"[vc_row full_width=&#8220;stretch_row&#8220; css=&#8220;.vc_custom_1645182068731{margin-bottom: 80px !important;padding-top: 220px !important;padding-bottom: 150px !important;background: #0a0a0a url(https:\/\/www.eastwood-mbr.com\/wp-content\/uploads\/2022\/02\/tlo_oferta_podbitki.jpg?id=731) !important;background-position: center !important;background-repeat: no-repeat !important;background-size: cover !important;}&#8220; wd_z_index=&#8220;no&#8220; woodmart_css_id=&#8220;620f7c70417a2&#8243;\" \/>\n<meta property=\"og:url\" content=\"https:\/\/eastwood-mbr.com\/de\/untersichten-und-wandtaefelungen\/\" \/>\n<meta property=\"og:site_name\" content=\"Eastwood MBR\" \/>\n<meta property=\"article:modified_time\" content=\"2022-05-27T13:59:11+00:00\" \/>\n<meta name=\"twitter:card\" content=\"summary_large_image\" \/>\n<meta name=\"twitter:label1\" content=\"Gesch\u00e4tzte Lesezeit\" \/>\n\t<meta name=\"twitter:data1\" content=\"7\u00a0Minuten\" \/>\n<script type=\"application\/ld+json\" class=\"yoast-schema-graph\">{\"@context\":\"https:\\\/\\\/schema.org\",\"@graph\":[{\"@type\":\"WebPage\",\"@id\":\"https:\\\/\\\/eastwood-mbr.com\\\/de\\\/untersichten-und-wandtaefelungen\\\/\",\"url\":\"https:\\\/\\\/eastwood-mbr.com\\\/de\\\/untersichten-und-wandtaefelungen\\\/\",\"name\":\"Untersichten und Wandt\u00e4felungen - Eastwood MBR\",\"isPartOf\":{\"@id\":\"https:\\\/\\\/eastwood-mbr.com\\\/de\\\/#website\"},\"datePublished\":\"2022-02-17T07:45:02+00:00\",\"dateModified\":\"2022-05-27T13:59:11+00:00\",\"breadcrumb\":{\"@id\":\"https:\\\/\\\/eastwood-mbr.com\\\/de\\\/untersichten-und-wandtaefelungen\\\/#breadcrumb\"},\"inLanguage\":\"de\",\"potentialAction\":[{\"@type\":\"ReadAction\",\"target\":[\"https:\\\/\\\/eastwood-mbr.com\\\/de\\\/untersichten-und-wandtaefelungen\\\/\"]}]},{\"@type\":\"BreadcrumbList\",\"@id\":\"https:\\\/\\\/eastwood-mbr.com\\\/de\\\/untersichten-und-wandtaefelungen\\\/#breadcrumb\",\"itemListElement\":[{\"@type\":\"ListItem\",\"position\":1,\"name\":\"Strona g\u0142\u00f3wna\",\"item\":\"https:\\\/\\\/eastwood-mbr.com\\\/de\\\/\"},{\"@type\":\"ListItem\",\"position\":2,\"name\":\"Untersichten und Wandt\u00e4felungen\"}]},{\"@type\":\"WebSite\",\"@id\":\"https:\\\/\\\/eastwood-mbr.com\\\/de\\\/#website\",\"url\":\"https:\\\/\\\/eastwood-mbr.com\\\/de\\\/\",\"name\":\"Eastwood MBR\",\"description\":\"Dystrybutor produkt\u00f3w drzewnych\",\"potentialAction\":[{\"@type\":\"SearchAction\",\"target\":{\"@type\":\"EntryPoint\",\"urlTemplate\":\"https:\\\/\\\/eastwood-mbr.com\\\/de\\\/?s={search_term_string}\"},\"query-input\":{\"@type\":\"PropertyValueSpecification\",\"valueRequired\":true,\"valueName\":\"search_term_string\"}}],\"inLanguage\":\"de\"}]}<\/script>\n<!-- \/ Yoast SEO plugin. -->","yoast_head_json":{"title":"Untersichten und Wandt\u00e4felungen - Eastwood MBR","robots":{"index":"index","follow":"follow","max-snippet":"max-snippet:-1","max-image-preview":"max-image-preview:large","max-video-preview":"max-video-preview:-1"},"canonical":"https:\/\/eastwood-mbr.com\/de\/untersichten-und-wandtaefelungen\/","og_locale":"de_DE","og_type":"article","og_title":"Untersichten und Wandt\u00e4felungen - Eastwood MBR","og_description":"[vc_row full_width=&#8220;stretch_row&#8220; css=&#8220;.vc_custom_1645182068731{margin-bottom: 80px !important;padding-top: 220px !important;padding-bottom: 150px !important;background: #0a0a0a url(https:\/\/www.eastwood-mbr.com\/wp-content\/uploads\/2022\/02\/tlo_oferta_podbitki.jpg?id=731) !important;background-position: center !important;background-repeat: no-repeat !important;background-size: cover !important;}&#8220; wd_z_index=&#8220;no&#8220; woodmart_css_id=&#8220;620f7c70417a2&#8243;","og_url":"https:\/\/eastwood-mbr.com\/de\/untersichten-und-wandtaefelungen\/","og_site_name":"Eastwood MBR","article_modified_time":"2022-05-27T13:59:11+00:00","twitter_card":"summary_large_image","twitter_misc":{"Gesch\u00e4tzte Lesezeit":"7\u00a0Minuten"},"schema":{"@context":"https:\/\/schema.org","@graph":[{"@type":"WebPage","@id":"https:\/\/eastwood-mbr.com\/de\/untersichten-und-wandtaefelungen\/","url":"https:\/\/eastwood-mbr.com\/de\/untersichten-und-wandtaefelungen\/","name":"Untersichten und Wandt\u00e4felungen - Eastwood MBR","isPartOf":{"@id":"https:\/\/eastwood-mbr.com\/de\/#website"},"datePublished":"2022-02-17T07:45:02+00:00","dateModified":"2022-05-27T13:59:11+00:00","breadcrumb":{"@id":"https:\/\/eastwood-mbr.com\/de\/untersichten-und-wandtaefelungen\/#breadcrumb"},"inLanguage":"de","potentialAction":[{"@type":"ReadAction","target":["https:\/\/eastwood-mbr.com\/de\/untersichten-und-wandtaefelungen\/"]}]},{"@type":"BreadcrumbList","@id":"https:\/\/eastwood-mbr.com\/de\/untersichten-und-wandtaefelungen\/#breadcrumb","itemListElement":[{"@type":"ListItem","position":1,"name":"Strona g\u0142\u00f3wna","item":"https:\/\/eastwood-mbr.com\/de\/"},{"@type":"ListItem","position":2,"name":"Untersichten und Wandt\u00e4felungen"}]},{"@type":"WebSite","@id":"https:\/\/eastwood-mbr.com\/de\/#website","url":"https:\/\/eastwood-mbr.com\/de\/","name":"Eastwood MBR","description":"Dystrybutor produkt\u00f3w drzewnych","potentialAction":[{"@type":"SearchAction","target":{"@type":"EntryPoint","urlTemplate":"https:\/\/eastwood-mbr.com\/de\/?s={search_term_string}"},"query-input":{"@type":"PropertyValueSpecification","valueRequired":true,"valueName":"search_term_string"}}],"inLanguage":"de"}]}},"_links":{"self":[{"href":"https:\/\/eastwood-mbr.com\/de\/wp-json\/wp\/v2\/pages\/1135","targetHints":{"allow":["GET"]}}],"collection":[{"href":"https:\/\/eastwood-mbr.com\/de\/wp-json\/wp\/v2\/pages"}],"about":[{"href":"https:\/\/eastwood-mbr.com\/de\/wp-json\/wp\/v2\/types\/page"}],"author":[{"embeddable":true,"href":"https:\/\/eastwood-mbr.com\/de\/wp-json\/wp\/v2\/users\/1"}],"replies":[{"embeddable":true,"href":"https:\/\/eastwood-mbr.com\/de\/wp-json\/wp\/v2\/comments?post=1135"}],"version-history":[{"count":5,"href":"https:\/\/eastwood-mbr.com\/de\/wp-json\/wp\/v2\/pages\/1135\/revisions"}],"predecessor-version":[{"id":1199,"href":"https:\/\/eastwood-mbr.com\/de\/wp-json\/wp\/v2\/pages\/1135\/revisions\/1199"}],"wp:attachment":[{"href":"https:\/\/eastwood-mbr.com\/de\/wp-json\/wp\/v2\/media?parent=1135"}],"curies":[{"name":"wp","href":"https:\/\/api.w.org\/{rel}","templated":true}]}}